{"id":16,"date":"2021-02-05T09:37:13","date_gmt":"2021-02-05T08:37:13","guid":{"rendered":"http:\/\/institutsonice.be\/?page_id=16"},"modified":"2025-10-22T18:50:36","modified_gmt":"2025-10-22T16:50:36","slug":"notre-equipe","status":"publish","type":"page","link":"https:\/\/www.institutsonice.be\/?page_id=16","title":{"rendered":"Notre \u00e9quipe"},"content":{"rendered":"\t\t<div data-elementor-type=\"wp-page\" data-elementor-id=\"16\" class=\"elementor elementor-16\" data-elementor-post-type=\"page\">\n\t\t\t\t\t\t<section class=\"elementor-section elementor-top-section elementor-element elementor-element-8233cb6 elementor-section-boxed elementor-section-height-default elementor-section-height-default\" data-id=\"8233cb6\" data-element_type=\"section\" data-e-type=\"section\" data-settings=\"{&quot;background_background&quot;:&quot;classic&quot;}\">\n\t\t\t\t\t\t<div class=\"elementor-container elementor-column-gap-default\">\n\t\t\t\t\t<div class=\"elementor-column elementor-col-100 elementor-top-column elementor-element elementor-element-bbc0c05\" data-id=\"bbc0c05\" data-element_type=\"column\" data-e-type=\"column\">\n\t\t\t<div class=\"elementor-widget-wrap elementor-element-populated\">\n\t\t\t\t\t\t<div class=\"elementor-element elementor-element-8bc41c1 elementor-widget elementor-widget-image\" data-id=\"8bc41c1\" data-element_type=\"widget\" data-e-type=\"widget\" data-widget_type=\"image.default\">\n\t\t\t\t<div class=\"elementor-widget-container\">\n\t\t\t\t\t\t\t\t\t\t\t\t\t\t\t<img fetchpriority=\"high\" decoding=\"async\" width=\"300\" height=\"300\" src=\"https:\/\/www.institutsonice.be\/wp-content\/uploads\/2025\/10\/photo-so-nice-merci-vous-etes-top-300x300.jpg\" class=\"attachment-medium size-medium wp-image-6745\" alt=\"\" srcset=\"https:\/\/www.institutsonice.be\/wp-content\/uploads\/2025\/10\/photo-so-nice-merci-vous-etes-top-300x300.jpg 300w, https:\/\/www.institutsonice.be\/wp-content\/uploads\/2025\/10\/photo-so-nice-merci-vous-etes-top-1024x1024.jpg 1024w, https:\/\/www.institutsonice.be\/wp-content\/uploads\/2025\/10\/photo-so-nice-merci-vous-etes-top-150x150.jpg 150w, https:\/\/www.institutsonice.be\/wp-content\/uploads\/2025\/10\/photo-so-nice-merci-vous-etes-top-768x768.jpg 768w, https:\/\/www.institutsonice.be\/wp-content\/uploads\/2025\/10\/photo-so-nice-merci-vous-etes-top-1536x1536.jpg 1536w, https:\/\/www.institutsonice.be\/wp-content\/uploads\/2025\/10\/photo-so-nice-merci-vous-etes-top-e1761150136460.jpg 1400w\" sizes=\"(max-width: 300px) 100vw, 300px\" \/>\t\t\t\t\t\t\t\t\t\t\t\t\t\t\t<\/div>\n\t\t\t\t<\/div>\n\t\t\t\t<section class=\"elementor-section elementor-inner-section elementor-element elementor-element-7bdedc8 elementor-section-boxed elementor-section-height-default elementor-section-height-default\" data-id=\"7bdedc8\" data-element_type=\"section\" data-e-type=\"section\">\n\t\t\t\t\t\t<div class=\"elementor-container elementor-column-gap-default\">\n\t\t\t\t\t<div class=\"elementor-column elementor-col-33 elementor-inner-column elementor-element elementor-element-5efc358\" data-id=\"5efc358\" data-element_type=\"column\" data-e-type=\"column\">\n\t\t\t<div class=\"elementor-widget-wrap elementor-element-populated\">\n\t\t\t\t\t\t<div class=\"elementor-element elementor-element-fad0884 elementor-widget elementor-widget-heading\" data-id=\"fad0884\" data-element_type=\"widget\" data-e-type=\"widget\" data-widget_type=\"heading.default\">\n\t\t\t\t<div class=\"elementor-widget-container\">\n\t\t\t\t\t<h2 class=\"elementor-heading-title elementor-size-default\">Ludivine<\/h2>\t\t\t\t<\/div>\n\t\t\t\t<\/div>\n\t\t\t\t<div class=\"elementor-element elementor-element-37c61e7 elementor-invisible elementor-widget elementor-widget-heading\" data-id=\"37c61e7\" data-element_type=\"widget\" data-e-type=\"widget\" data-settings=\"{&quot;_animation&quot;:&quot;fadeInDown&quot;}\" data-widget_type=\"heading.default\">\n\t\t\t\t<div class=\"elementor-widget-container\">\n\t\t\t\t\t<span class=\"elementor-heading-title elementor-size-default\">Estheticienne exp\u00e9riment\u00e9e<\/span>\t\t\t\t<\/div>\n\t\t\t\t<\/div>\n\t\t\t\t<div class=\"elementor-element elementor-element-1f19d14d elementor-widget elementor-widget-text-editor\" data-id=\"1f19d14d\" data-element_type=\"widget\" data-e-type=\"widget\" data-widget_type=\"text-editor.default\">\n\t\t\t\t<div class=\"elementor-widget-container\">\n\t\t\t\t\t\t\t\t\t<p>Form\u00e9e pendant 3 ans et engag\u00e9e depuis ao\u00fbt 2023, Ludivine vous accueille avec son sourire radieux et sa douceur naturelle. Passionn\u00e9e par les soins relaxants et les soins visage, elle met un point d\u2019honneur \u00e0 offrir des instants de bien-\u00eatre uniques. Consciencieuse et m\u00e9ticuleuse, elle prodigue chaque soin avec c\u0153ur et pr\u00e9cision. Ses doigts en or font des merveilles, que ce soit en massage solo ou \u00e0 4 mains\u2026 une exp\u00e9rience sensorielle dont vous vous souviendrez longtemps.<\/p>\t\t\t\t\t\t\t\t<\/div>\n\t\t\t\t<\/div>\n\t\t\t\t\t<\/div>\n\t\t<\/div>\n\t\t\t\t<div class=\"elementor-column elementor-col-33 elementor-inner-column elementor-element elementor-element-e2420a5\" data-id=\"e2420a5\" data-element_type=\"column\" data-e-type=\"column\">\n\t\t\t<div class=\"elementor-widget-wrap elementor-element-populated\">\n\t\t\t\t\t\t<div class=\"elementor-element elementor-element-5e54e5ac elementor-widget elementor-widget-heading\" data-id=\"5e54e5ac\" data-element_type=\"widget\" data-e-type=\"widget\" data-widget_type=\"heading.default\">\n\t\t\t\t<div class=\"elementor-widget-container\">\n\t\t\t\t\t<h2 class=\"elementor-heading-title elementor-size-default\">Aurore Lemoine<\/h2>\t\t\t\t<\/div>\n\t\t\t\t<\/div>\n\t\t\t\t<div class=\"elementor-element elementor-element-6735d02 elementor-invisible elementor-widget elementor-widget-heading\" data-id=\"6735d02\" data-element_type=\"widget\" data-e-type=\"widget\" data-settings=\"{&quot;_animation&quot;:&quot;fadeInDown&quot;}\" data-widget_type=\"heading.default\">\n\t\t\t\t<div class=\"elementor-widget-container\">\n\t\t\t\t\t<span class=\"elementor-heading-title elementor-size-default\">Creatrice de so nice 2.0 et kin\u00e9siologue<\/span>\t\t\t\t<\/div>\n\t\t\t\t<\/div>\n\t\t\t\t<div class=\"elementor-element elementor-element-5d05aefa elementor-widget elementor-widget-text-editor\" data-id=\"5d05aefa\" data-element_type=\"widget\" data-e-type=\"widget\" data-widget_type=\"text-editor.default\">\n\t\t\t\t<div class=\"elementor-widget-container\">\n\t\t\t\t\t\t\t\t\t<div class=\"relative basis-auto flex-col -mb-(--composer-overlap-px) [--composer-overlap-px:28px] grow flex overflow-hidden\"><div class=\"relative h-full\"><div class=\"flex h-full flex-col overflow-y-auto thread-xl:pt-(--header-height) [scrollbar-gutter:stable_both-edges]\"><div class=\"flex flex-col text-sm thread-xl:pt-header-height pb-25\"><article class=\"text-token-text-primary w-full focus:outline-none [--shadow-height:45px] has-data-writing-block:pointer-events-none has-data-writing-block:-mt-(--shadow-height) has-data-writing-block:pt-(--shadow-height) [&amp;:has([data-writing-block])&gt;*]:pointer-events-auto scroll-mt-[calc(var(--header-height)+min(200px,max(70px,20svh)))]\" dir=\"auto\" tabindex=\"-1\" data-turn-id=\"request-WEB:905ea9e6-a24b-4db7-a4dc-dfa9310074f5-7\" data-testid=\"conversation-turn-16\" data-scroll-anchor=\"true\" data-turn=\"assistant\"><div class=\"text-base my-auto mx-auto pb-10 [--thread-content-margin:--spacing(4)] thread-sm:[--thread-content-margin:--spacing(6)] thread-lg:[--thread-content-margin:--spacing(16)] px-(--thread-content-margin)\"><div class=\"[--thread-content-max-width:40rem] thread-lg:[--thread-content-max-width:48rem] mx-auto max-w-(--thread-content-max-width) flex-1 group\/turn-messages focus-visible:outline-hidden relative flex w-full min-w-0 flex-col agent-turn\" tabindex=\"-1\"><div class=\"flex max-w-full flex-col grow\"><div class=\"min-h-8 text-message relative flex w-full flex-col items-end gap-2 text-start break-words whitespace-normal [.text-message+&amp;]:mt-1\" dir=\"auto\" data-message-author-role=\"assistant\" data-message-id=\"78b385b5-3883-40f7-ba64-1a5a997bc08f\" data-message-model-slug=\"gpt-5\"><div class=\"flex w-full flex-col gap-1 empty:hidden first:pt-[1px]\"><div class=\"markdown prose dark:prose-invert w-full break-words light markdown-new-styling\"><p data-start=\"132\" data-end=\"484\">Petite f\u00e9e pour certains, guide pour d\u2019autres, j\u2019\u00e9claire les chemins de vie avec douceur et bienveillance. \u00c0 travers mes soins holistiques, la kin\u00e9siologie et mes <strong data-start=\"347\" data-end=\"374\">s\u00e9ances \u201cChemin de Vie\u201d<\/strong>, j\u2019aide \u00e0 franchir des caps importants, \u00e0 lancer des projets de c\u0153ur et \u00e0 faire briller les r\u00eaves endormis.<\/p><p data-start=\"486\" data-end=\"799\">\u00a0J\u2019accompagne aussi bien des entrepreneurs que des personnes en qu\u00eate de sens ou de l\u00e9g\u00e8ret\u00e9.<\/p><p data-start=\"486\" data-end=\"799\">Cerise sur le g\u00e2teau; les soins visage sont ma v\u00e9ritable signature : des instants de beaut\u00e9, de douceur et de reconnexion \u00e0 soi. \u00bb<\/p><\/div><\/div><\/div><\/div><div class=\"z-0 flex min-h-[46px] justify-start\">\u00a0<\/div><div class=\"mt-3 w-full empty:hidden\"><div class=\"text-center\">\u00a0<\/div><\/div><\/div><\/div><\/article><div class=\"pointer-events-none h-px w-px\" aria-hidden=\"true\" data-edge=\"true\">\u00a0<\/div><div>\u00a0<\/div><div>\u00a0<\/div><\/div><\/div><\/div><\/div><div id=\"thread-bottom-container\" class=\"group\/thread-bottom-container relative isolate z-10 w-full basis-auto has-data-has-thread-error:pt-2 has-data-has-thread-error:[box-shadow:var(--sharp-edge-bottom-shadow)] md:border-transparent md:pt-0 dark:border-white\/20 md:dark:border-transparent content-fade single-line flex flex-col\"><div id=\"thread-bottom\"><div class=\"text-base mx-auto [--thread-content-margin:--spacing(4)] thread-sm:[--thread-content-margin:--spacing(6)] thread-lg:[--thread-content-margin:--spacing(16)] px-(--thread-content-margin)\"><div class=\"[--thread-content-max-width:40rem] thread-lg:[--thread-content-max-width:48rem] mx-auto max-w-(--thread-content-max-width) flex-1\"><div class=\"pointer-events-auto relative z-1 flex h-[var(--composer-container-height,100%)] max-w-full flex-[var(--composer-container-flex,1)] flex-col\"><form class=\"group\/composer w-full\" data-type=\"unified-composer\"><div class=\"\"><div class=\"bg-token-bg-primary cursor-text overflow-clip bg-clip-padding p-2.5 contain-inline-size dark:bg-[#303030] grid grid-cols-[auto_1fr_auto] [grid-template-areas:'header_header_header'_'leading_primary_trailing'_'._footer_.'] group-data-expanded\/composer:[grid-template-areas:'header_header_header'_'primary_primary_primary'_'leading_footer_trailing'] shadow-short\"><div class=\"-my-2.5 flex min-h-14 items-center overflow-x-hidden px-1.5 [grid-area:primary] group-data-expanded\/composer:mb-0 group-data-expanded\/composer:px-2.5\"><div class=\"_prosemirror-parent_198md_2 text-token-text-primary max-h-[max(35svh,5rem)] max-h-52 flex-1 overflow-auto [scrollbar-width:thin] default-browser vertical-scroll-fade-mask\"><div id=\"prompt-textarea\" class=\"ProseMirror\" contenteditable=\"true\" translate=\"no\" data-virtualkeyboard=\"true\">\u00a0<\/div><\/div><\/div><div class=\"[grid-area:leading]\">\u00a0<\/div><div class=\"flex items-center gap-2 [grid-area:trailing]\"><div class=\"ms-auto flex items-center gap-1.5\"><div class=\"min-w-9\" data-testid=\"composer-speech-button-container\"><div class=\"flex items-center justify-center\">\u00a0<\/div><\/div><\/div><\/div><\/div><\/div><\/form><\/div><\/div><\/div><\/div><\/div>\t\t\t\t\t\t\t\t<\/div>\n\t\t\t\t<\/div>\n\t\t\t\t\t<\/div>\n\t\t<\/div>\n\t\t\t\t<div class=\"elementor-column elementor-col-33 elementor-inner-column elementor-element elementor-element-32c8ff1\" data-id=\"32c8ff1\" data-element_type=\"column\" data-e-type=\"column\">\n\t\t\t<div class=\"elementor-widget-wrap elementor-element-populated\">\n\t\t\t\t\t\t<div class=\"elementor-element elementor-element-a5688de elementor-widget elementor-widget-heading\" data-id=\"a5688de\" data-element_type=\"widget\" data-e-type=\"widget\" data-widget_type=\"heading.default\">\n\t\t\t\t<div class=\"elementor-widget-container\">\n\t\t\t\t\t<h2 class=\"elementor-heading-title elementor-size-default\">Agathe Perrod<\/h2>\t\t\t\t<\/div>\n\t\t\t\t<\/div>\n\t\t\t\t<div class=\"elementor-element elementor-element-ebbcb7a elementor-invisible elementor-widget elementor-widget-heading\" data-id=\"ebbcb7a\" data-element_type=\"widget\" data-e-type=\"widget\" data-settings=\"{&quot;_animation&quot;:&quot;fadeInDown&quot;}\" data-widget_type=\"heading.default\">\n\t\t\t\t<div class=\"elementor-widget-container\">\n\t\t\t\t\t<span class=\"elementor-heading-title elementor-size-default\">Massotherapeute et sage femme<\/span>\t\t\t\t<\/div>\n\t\t\t\t<\/div>\n\t\t\t\t<div class=\"elementor-element elementor-element-7d2852e9 elementor-widget elementor-widget-text-editor\" data-id=\"7d2852e9\" data-element_type=\"widget\" data-e-type=\"widget\" data-widget_type=\"text-editor.default\">\n\t\t\t\t<div class=\"elementor-widget-container\">\n\t\t\t\t\t\t\t\t\t<p>Agathe vous accueille avec douceur et bienveillance pour des soins psychocorporels qui relient le corps, le c\u0153ur et l\u2019esprit. Gr\u00e2ce \u00e0 son approche globale et \u00e0 son \u00e9coute profonde, elle accompagne chaque personne \u00e0 se reconnecter \u00e0 ses ressentis, \u00e0 apaiser les tensions et \u00e0 retrouver une harmonie int\u00e9rieure. Ses mains expertes et son regard de sage-femme en font une alli\u00e9e pr\u00e9cieuse dans les moments de transformation, de maternit\u00e9 ou de simple besoin de recentrage.<\/p>\t\t\t\t\t\t\t\t<\/div>\n\t\t\t\t<\/div>\n\t\t\t\t\t<\/div>\n\t\t<\/div>\n\t\t\t\t\t<\/div>\n\t\t<\/section>\n\t\t\t\t\t<\/div>\n\t\t<\/div>\n\t\t\t\t\t<\/div>\n\t\t<\/section>\n\t\t\t\t<\/div>\n\t\t","protected":false},"excerpt":{"rendered":"<p>Ludivine Estheticienne exp\u00e9riment\u00e9e Form\u00e9e pendant 3 ans et engag\u00e9e depuis ao\u00fbt 2023, Ludivine vous accueille avec son sourire radieux et sa douceur naturelle. Passionn\u00e9e par les soins relaxants et les soins visage, elle met un point d\u2019honneur \u00e0 offrir des instants de bien-\u00eatre uniques. Consciencieuse et m\u00e9ticuleuse, elle prodigue chaque soin avec c\u0153ur et pr\u00e9cision. [&hellip;]<\/p>\n","protected":false},"author":1,"featured_media":0,"parent":0,"menu_order":0,"comment_status":"closed","ping_status":"closed","template":"elementor_header_footer","meta":{"footnotes":""},"class_list":["post-16","page","type-page","status-publish","hentry"],"yoast_head":"<!-- This site is optimized with the Yoast SEO plugin v27.5 - https:\/\/yoast.com\/product\/yoast-seo-wordpress\/ -->\n<title>Notre \u00e9quipe - So Nice 2.0<\/title>\n<meta name=\"robots\" content=\"index, follow, max-snippet:-1, max-image-preview:large, max-video-preview:-1\" \/>\n<link rel=\"canonical\" href=\"https:\/\/www.institutsonice.be\/?page_id=16\" \/>\n<meta property=\"og:locale\" content=\"fr_FR\" \/>\n<meta property=\"og:type\" content=\"article\" \/>\n<meta property=\"og:title\" content=\"Notre \u00e9quipe - So Nice 2.0\" \/>\n<meta property=\"og:description\" content=\"Ludivine Estheticienne exp\u00e9riment\u00e9e Form\u00e9e pendant 3 ans et engag\u00e9e depuis ao\u00fbt 2023, Ludivine vous accueille avec son sourire radieux et sa douceur naturelle. Passionn\u00e9e par les soins relaxants et les soins visage, elle met un point d\u2019honneur \u00e0 offrir des instants de bien-\u00eatre uniques. Consciencieuse et m\u00e9ticuleuse, elle prodigue chaque soin avec c\u0153ur et pr\u00e9cision. [&hellip;]\" \/>\n<meta property=\"og:url\" content=\"https:\/\/www.institutsonice.be\/?page_id=16\" \/>\n<meta property=\"og:site_name\" content=\"So Nice 2.0\" \/>\n<meta property=\"article:publisher\" content=\"https:\/\/www.facebook.com\/sonicesgembloux\/\" \/>\n<meta property=\"article:modified_time\" content=\"2025-10-22T16:50:36+00:00\" \/>\n<meta property=\"og:image\" content=\"https:\/\/www.institutsonice.be\/wp-content\/uploads\/2025\/10\/photo-so-nice-merci-vous-etes-top-e1761150136460.jpg\" \/>\n\t<meta property=\"og:image:width\" content=\"1400\" \/>\n\t<meta property=\"og:image:height\" content=\"1400\" \/>\n\t<meta property=\"og:image:type\" content=\"image\/jpeg\" \/>\n<meta name=\"twitter:card\" content=\"summary_large_image\" \/>\n<meta name=\"twitter:label1\" content=\"Dur\u00e9e de lecture estim\u00e9e\" \/>\n\t<meta name=\"twitter:data1\" content=\"2 minutes\" \/>\n<script type=\"application\/ld+json\" class=\"yoast-schema-graph\">{\"@context\":\"https:\\\/\\\/schema.org\",\"@graph\":[{\"@type\":\"WebPage\",\"@id\":\"https:\\\/\\\/www.institutsonice.be\\\/?page_id=16\",\"url\":\"https:\\\/\\\/www.institutsonice.be\\\/?page_id=16\",\"name\":\"Notre \u00e9quipe - So Nice 2.0\",\"isPartOf\":{\"@id\":\"https:\\\/\\\/www.institutsonice.be\\\/#website\"},\"primaryImageOfPage\":{\"@id\":\"https:\\\/\\\/www.institutsonice.be\\\/?page_id=16#primaryimage\"},\"image\":{\"@id\":\"https:\\\/\\\/www.institutsonice.be\\\/?page_id=16#primaryimage\"},\"thumbnailUrl\":\"https:\\\/\\\/www.institutsonice.be\\\/wp-content\\\/uploads\\\/2025\\\/10\\\/photo-so-nice-merci-vous-etes-top-300x300.jpg\",\"datePublished\":\"2021-02-05T08:37:13+00:00\",\"dateModified\":\"2025-10-22T16:50:36+00:00\",\"breadcrumb\":{\"@id\":\"https:\\\/\\\/www.institutsonice.be\\\/?page_id=16#breadcrumb\"},\"inLanguage\":\"fr-FR\",\"potentialAction\":[{\"@type\":\"ReadAction\",\"target\":[\"https:\\\/\\\/www.institutsonice.be\\\/?page_id=16\"]}]},{\"@type\":\"ImageObject\",\"inLanguage\":\"fr-FR\",\"@id\":\"https:\\\/\\\/www.institutsonice.be\\\/?page_id=16#primaryimage\",\"url\":\"https:\\\/\\\/www.institutsonice.be\\\/wp-content\\\/uploads\\\/2025\\\/10\\\/photo-so-nice-merci-vous-etes-top-e1761150136460.jpg\",\"contentUrl\":\"https:\\\/\\\/www.institutsonice.be\\\/wp-content\\\/uploads\\\/2025\\\/10\\\/photo-so-nice-merci-vous-etes-top-e1761150136460.jpg\",\"width\":1400,\"height\":1400},{\"@type\":\"BreadcrumbList\",\"@id\":\"https:\\\/\\\/www.institutsonice.be\\\/?page_id=16#breadcrumb\",\"itemListElement\":[{\"@type\":\"ListItem\",\"position\":1,\"name\":\"Accueil\",\"item\":\"https:\\\/\\\/www.institutsonice.be\\\/\"},{\"@type\":\"ListItem\",\"position\":2,\"name\":\"Notre \u00e9quipe\"}]},{\"@type\":\"WebSite\",\"@id\":\"https:\\\/\\\/www.institutsonice.be\\\/#website\",\"url\":\"https:\\\/\\\/www.institutsonice.be\\\/\",\"name\":\"So Nice 2.0\",\"description\":\"Source de bonheur\",\"publisher\":{\"@id\":\"https:\\\/\\\/www.institutsonice.be\\\/#organization\"},\"potentialAction\":[{\"@type\":\"SearchAction\",\"target\":{\"@type\":\"EntryPoint\",\"urlTemplate\":\"https:\\\/\\\/www.institutsonice.be\\\/?s={search_term_string}\"},\"query-input\":{\"@type\":\"PropertyValueSpecification\",\"valueRequired\":true,\"valueName\":\"search_term_string\"}}],\"inLanguage\":\"fr-FR\"},{\"@type\":\"Organization\",\"@id\":\"https:\\\/\\\/www.institutsonice.be\\\/#organization\",\"name\":\"So Nice 2.0\",\"url\":\"https:\\\/\\\/www.institutsonice.be\\\/\",\"logo\":{\"@type\":\"ImageObject\",\"inLanguage\":\"fr-FR\",\"@id\":\"https:\\\/\\\/www.institutsonice.be\\\/#\\\/schema\\\/logo\\\/image\\\/\",\"url\":\"\",\"contentUrl\":\"\",\"caption\":\"So Nice 2.0\"},\"image\":{\"@id\":\"https:\\\/\\\/www.institutsonice.be\\\/#\\\/schema\\\/logo\\\/image\\\/\"},\"sameAs\":[\"https:\\\/\\\/www.facebook.com\\\/sonicesgembloux\\\/\",\"https:\\\/\\\/www.instagram.com\\\/sonice2.0\\\/?hl=fr\",\"https:\\\/\\\/www.youtube.com\\\/channel\\\/UCUgNRAyMB19aZUBmjY61-eQ\"]}]}<\/script>\n<!-- \/ Yoast SEO plugin. -->","yoast_head_json":{"title":"Notre \u00e9quipe - So Nice 2.0","robots":{"index":"index","follow":"follow","max-snippet":"max-snippet:-1","max-image-preview":"max-image-preview:large","max-video-preview":"max-video-preview:-1"},"canonical":"https:\/\/www.institutsonice.be\/?page_id=16","og_locale":"fr_FR","og_type":"article","og_title":"Notre \u00e9quipe - So Nice 2.0","og_description":"Ludivine Estheticienne exp\u00e9riment\u00e9e Form\u00e9e pendant 3 ans et engag\u00e9e depuis ao\u00fbt 2023, Ludivine vous accueille avec son sourire radieux et sa douceur naturelle. Passionn\u00e9e par les soins relaxants et les soins visage, elle met un point d\u2019honneur \u00e0 offrir des instants de bien-\u00eatre uniques. Consciencieuse et m\u00e9ticuleuse, elle prodigue chaque soin avec c\u0153ur et pr\u00e9cision. [&hellip;]","og_url":"https:\/\/www.institutsonice.be\/?page_id=16","og_site_name":"So Nice 2.0","article_publisher":"https:\/\/www.facebook.com\/sonicesgembloux\/","article_modified_time":"2025-10-22T16:50:36+00:00","og_image":[{"width":1400,"height":1400,"url":"https:\/\/www.institutsonice.be\/wp-content\/uploads\/2025\/10\/photo-so-nice-merci-vous-etes-top-e1761150136460.jpg","type":"image\/jpeg"}],"twitter_card":"summary_large_image","twitter_misc":{"Dur\u00e9e de lecture estim\u00e9e":"2 minutes"},"schema":{"@context":"https:\/\/schema.org","@graph":[{"@type":"WebPage","@id":"https:\/\/www.institutsonice.be\/?page_id=16","url":"https:\/\/www.institutsonice.be\/?page_id=16","name":"Notre \u00e9quipe - So Nice 2.0","isPartOf":{"@id":"https:\/\/www.institutsonice.be\/#website"},"primaryImageOfPage":{"@id":"https:\/\/www.institutsonice.be\/?page_id=16#primaryimage"},"image":{"@id":"https:\/\/www.institutsonice.be\/?page_id=16#primaryimage"},"thumbnailUrl":"https:\/\/www.institutsonice.be\/wp-content\/uploads\/2025\/10\/photo-so-nice-merci-vous-etes-top-300x300.jpg","datePublished":"2021-02-05T08:37:13+00:00","dateModified":"2025-10-22T16:50:36+00:00","breadcrumb":{"@id":"https:\/\/www.institutsonice.be\/?page_id=16#breadcrumb"},"inLanguage":"fr-FR","potentialAction":[{"@type":"ReadAction","target":["https:\/\/www.institutsonice.be\/?page_id=16"]}]},{"@type":"ImageObject","inLanguage":"fr-FR","@id":"https:\/\/www.institutsonice.be\/?page_id=16#primaryimage","url":"https:\/\/www.institutsonice.be\/wp-content\/uploads\/2025\/10\/photo-so-nice-merci-vous-etes-top-e1761150136460.jpg","contentUrl":"https:\/\/www.institutsonice.be\/wp-content\/uploads\/2025\/10\/photo-so-nice-merci-vous-etes-top-e1761150136460.jpg","width":1400,"height":1400},{"@type":"BreadcrumbList","@id":"https:\/\/www.institutsonice.be\/?page_id=16#breadcrumb","itemListElement":[{"@type":"ListItem","position":1,"name":"Accueil","item":"https:\/\/www.institutsonice.be\/"},{"@type":"ListItem","position":2,"name":"Notre \u00e9quipe"}]},{"@type":"WebSite","@id":"https:\/\/www.institutsonice.be\/#website","url":"https:\/\/www.institutsonice.be\/","name":"So Nice 2.0","description":"Source de bonheur","publisher":{"@id":"https:\/\/www.institutsonice.be\/#organization"},"potentialAction":[{"@type":"SearchAction","target":{"@type":"EntryPoint","urlTemplate":"https:\/\/www.institutsonice.be\/?s={search_term_string}"},"query-input":{"@type":"PropertyValueSpecification","valueRequired":true,"valueName":"search_term_string"}}],"inLanguage":"fr-FR"},{"@type":"Organization","@id":"https:\/\/www.institutsonice.be\/#organization","name":"So Nice 2.0","url":"https:\/\/www.institutsonice.be\/","logo":{"@type":"ImageObject","inLanguage":"fr-FR","@id":"https:\/\/www.institutsonice.be\/#\/schema\/logo\/image\/","url":"","contentUrl":"","caption":"So Nice 2.0"},"image":{"@id":"https:\/\/www.institutsonice.be\/#\/schema\/logo\/image\/"},"sameAs":["https:\/\/www.facebook.com\/sonicesgembloux\/","https:\/\/www.instagram.com\/sonice2.0\/?hl=fr","https:\/\/www.youtube.com\/channel\/UCUgNRAyMB19aZUBmjY61-eQ"]}]}},"_links":{"self":[{"href":"https:\/\/www.institutsonice.be\/index.php?rest_route=\/wp\/v2\/pages\/16","targetHints":{"allow":["GET"]}}],"collection":[{"href":"https:\/\/www.institutsonice.be\/index.php?rest_route=\/wp\/v2\/pages"}],"about":[{"href":"https:\/\/www.institutsonice.be\/index.php?rest_route=\/wp\/v2\/types\/page"}],"author":[{"embeddable":true,"href":"https:\/\/www.institutsonice.be\/index.php?rest_route=\/wp\/v2\/users\/1"}],"replies":[{"embeddable":true,"href":"https:\/\/www.institutsonice.be\/index.php?rest_route=%2Fwp%2Fv2%2Fcomments&post=16"}],"version-history":[{"count":0,"href":"https:\/\/www.institutsonice.be\/index.php?rest_route=\/wp\/v2\/pages\/16\/revisions"}],"wp:attachment":[{"href":"https:\/\/www.institutsonice.be\/index.php?rest_route=%2Fwp%2Fv2%2Fmedia&parent=16"}],"curies":[{"name":"wp","href":"https:\/\/api.w.org\/{rel}","templated":true}]}}