{"id":981,"date":"2021-02-21T13:56:21","date_gmt":"2021-02-21T12:56:21","guid":{"rendered":"https:\/\/institutsonice.be\/?page_id=981"},"modified":"2026-01-05T22:56:26","modified_gmt":"2026-01-05T21:56:26","slug":"contacter","status":"publish","type":"page","link":"https:\/\/www.institutsonice.be\/?page_id=981","title":{"rendered":"Contacter"},"content":{"rendered":"\t\t<div data-elementor-type=\"wp-page\" data-elementor-id=\"981\" class=\"elementor elementor-981\" data-elementor-post-type=\"page\">\n\t\t\t\t\t\t<section class=\"elementor-section elementor-top-section elementor-element elementor-element-75a1d1d0 elementor-section-full_width elementor-section-height-min-height elementor-section-items-stretch elementor-section-content-middle elementor-section-height-default\" data-id=\"75a1d1d0\" data-element_type=\"section\" data-e-type=\"section\">\n\t\t\t\t\t\t<div class=\"elementor-container elementor-column-gap-no\">\n\t\t\t\t\t<div class=\"elementor-column elementor-col-50 elementor-top-column elementor-element elementor-element-25f08245\" data-id=\"25f08245\" data-element_type=\"column\" data-e-type=\"column\" data-settings=\"{&quot;background_background&quot;:&quot;classic&quot;}\">\n\t\t\t<div class=\"elementor-widget-wrap elementor-element-populated\">\n\t\t\t\t\t<div class=\"elementor-background-overlay\"><\/div>\n\t\t\t\t\t\t<div class=\"elementor-element elementor-element-46e10d8d elementor-widget elementor-widget-spacer\" data-id=\"46e10d8d\" data-element_type=\"widget\" data-e-type=\"widget\" data-widget_type=\"spacer.default\">\n\t\t\t\t<div class=\"elementor-widget-container\">\n\t\t\t\t\t\t\t<div class=\"elementor-spacer\">\n\t\t\t<div class=\"elementor-spacer-inner\"><\/div>\n\t\t<\/div>\n\t\t\t\t\t\t<\/div>\n\t\t\t\t<\/div>\n\t\t\t\t\t<\/div>\n\t\t<\/div>\n\t\t\t\t<div class=\"elementor-column elementor-col-50 elementor-top-column elementor-element elementor-element-4dfa7f9f\" data-id=\"4dfa7f9f\" data-element_type=\"column\" data-e-type=\"column\" data-settings=\"{&quot;background_background&quot;:&quot;classic&quot;}\">\n\t\t\t<div class=\"elementor-widget-wrap elementor-element-populated\">\n\t\t\t\t\t\t<div class=\"elementor-element elementor-element-269255a6 elementor-widget elementor-widget-heading\" data-id=\"269255a6\" data-element_type=\"widget\" data-e-type=\"widget\" data-widget_type=\"heading.default\">\n\t\t\t\t<div class=\"elementor-widget-container\">\n\t\t\t\t\t<h2 class=\"elementor-heading-title elementor-size-default\">Nous contacter<\/h2>\t\t\t\t<\/div>\n\t\t\t\t<\/div>\n\t\t\t\t<div class=\"elementor-element elementor-element-e6f2331 animated-slow elementor-invisible elementor-widget elementor-widget-text-editor\" data-id=\"e6f2331\" data-element_type=\"widget\" data-e-type=\"widget\" data-settings=\"{&quot;_animation&quot;:&quot;fadeIn&quot;}\" data-widget_type=\"text-editor.default\">\n\t\t\t\t<div class=\"elementor-widget-container\">\n\t\t\t\t\t\t\t\t\t<p>Num\u00e9ro<strong> :<\/strong><br \/><span role=\"link\" aria-label=\"Appeler le 0474 45 58 27\">0474 45 58 27<\/span><\/p><p><strong>Adresse :<\/strong><br \/>Grand&rsquo;Rue 57, 5030 Gembloux<\/p><p><strong>Mail :<\/strong> info@institutsonice.be<\/p><p><strong>Lien pour prendre rendez-vous sur notre plateforme Salonkee :\u00a0<\/strong><\/p><p><a href=\"https:\/\/salonkee.be\/salon\/so-nice-20?lang=fr\">https:\/\/salonkee.be\/salon\/so-nice-20?lang=fr<\/a><\/p><p>\u00a0<\/p><p><img decoding=\"async\" class=\"aligncenter\" src=\"data:image\/png;base64,iVBORw0KGgoAAAANSUhEUgAAAJQAAACUCAYAAAB1PADUAAAAAklEQVR4AewaftIAAAc2SURBVO3BQY5gt5LAQFKo+1+Zs014IeOh1Lb\/ICME4h9UyaDGUMkHanxQyaDGRSUXagyVXKgxVDKoMVRyocZQyaDGP+iw1kOHtR46rPXQD39RyUNq\/IIaQyVDJYMaH1TyC5VcqPELajxUyUNqDIe1Hjqs9dBhrYd++BtqfFDJP0iNoZILNS4qGdS4qGRQ46KSQY2hkn+QGh9UcnFY66HDWg8d1nroh39ZJYMaF2p8oMZQyaDGoMZQyS9UMqgxVDKoMVTyP+Sw1kOHtR46rPXQD\/8xlQxqDJVcqPFBJYMagxoPVfL\/2GGthw5rPXRY66Ef\/kYlf5AaQyVDJYMaQyVDJRdq\/EIlF2pcqPGBGh9U8kElDx3Weuiw1kOHtR764S\/U+A9RY6hkUGOoZFBjqGRQY6hkUONCjaGSQY2hkkGNoZJBjaGSQY0P1PiDDms9dFjrocNaD1nxb1JjqGRQ4xcq+QU1fqGSD9QYKrlQY6jkX3RY66HDWg8d1nroh7+hxgeVDGoMlXxQyaDGRSWDGh9UMlQyqPELalxUMqgxVDJUMqjxQSUXanxwWOuhw1oPHdZ6SCAuKhnUGCoZ1Bgq+UCNX6jkAzWGSi7UGCoZ1Lio5EKNoZJBjaGSP0iNoZKLw1oPHdZ66LDWQz+VXKgxVHJRyaDGRSVDJRdqDJUMalxU8oEav1DJL6jxC2pcVDKocaHGxWGthw5rPXRY6yGBGCr5QI2LSj5Q46KSD9QYKvkFNS4qGdT4oJJBjYtKLtS4qOShw1oPHdZ66LDWQwIxVDKo8VAlgxoPVXKhxkUlv6DGRSUXanxQyaDGRSWDGh9UMqgxHNZ66LDWQ4e1HhKIDyoZ1Lio5EKNi0ou1Lio5EKNi0r+RWoMlQxqXFQyqDFUMqhxUcnFYa2HDms9dFjrIStu1Lio5EKNDyq5UGOo5AM1HqpkUOOikkGNoZJBjV+oZFDjg0ou1BgOaz10WOuhw1oPWTGpMVQyqHFRyYUaF5V8oMZFJRdqDJV8oMYHlXygxlDJoMZQyaDGUMkvqDFUMhzWeuiw1kOHtR76UWOoZFBjqOQDNYZKBjX+QWoMlQxqDJUMagyVDGoMlQxqDJUManxQyaDGB2oMlQxqXKgxHNZ66LDWQ4e1HhKIoZIP1Lio5AM1PqhkUOOhSgY1Liq5UOODSi7UGCq5UGOo5EKNoZKLw1oPHdZ66LDWQ1Z8ocZFJYMaQyUXagyVDGoMlVyocVHJoMZFJR+o8QdVcqHGRSWDGr9wWOuhw1oPHdZ66Ie\/ocZQyaDGRSUXalyoMVQyqPEvUmOoZKjkF9QYKhnU+KCSi0o+UGM4rPXQYa2HDms9JBAXlVyoMVQyqPELlXygxlDJoMZQyQdqfFDJoMZQyaDGRSUXavxCJYMaQyUXh7UeOqz10GGthwTiopI\/SI2LSgY1hkou1LioZFBjqGRQ46KSD9QYKhnUGCr5BTWGSh46rPXQYa2HDms99MNfVDKoMVRyocZFJReVDGr8QiWDGv8iNT6oZFBjqGRQY6hkqOQX1Lg4rPXQYa2HDms99MNfqPFQJYMaQyUfVHKhxi9UclHJoMagxlDJUMmgxoUaQyUfqHFRyaDGUMkHh7UeOqz10GGth6yY1BgquVDjg0oGNYZKBjUuKrlQY6jk\/xE1hkoGNYZKBjV+oZLhsNZDh7UeOqz10I8aQyUXagyVDGoMlfyLKhnU+IVKBjU+qGRQY6hkUGOoZKhkUGOoZFBjqGRQ46KSi8NaDx3Weuiw1kMCMVTyC2p8UMmgxlDJoMZQyQdqfFDJoMZFJb+gxgeVXKjxQSUXalwc1nrosNZDh7Ue+uFvqPFBJRdqXFQyqDFUMqgxVPILlQxqXFRyocZQyaDGUMmgxlDJhRpDJQ9VcnFY66HDWg8d1npIIIZKLtQYKhnUuKhkUOMPqmRQY6jkQo2LSn5Bjf9hlQyHtR46rPXQYa2Hfir5oJKLSv5BlQxqDGoMlfxBavxCJYMaH1TygRpDJRdqXBzWeuiw1kOHtR76UeMfVMlQyYUaQyUPqXFRyUOV\/EIlgxoXagyVXKgxVHKhxnBY66HDWg8d1nroh7+o5CE1fqGSQY2hkqGSQY0PKhnUuKjkAzWGSv6gSj6o5INKhsNaDx3Weuiw1kM\/\/A01PqjkAzWGSh6qZFBjqOSikkGNQY2hkkGNCzUuKhnUuFDjITUu1BgOaz10WOuhw1oP\/fAfo8ZQyS+ocaHGUMmgxlDJhRoXlTxUyYUaH6gxVPLBYa2HDms9dFjroR\/+Yyr5BTUuKrlQ40KNoZKhkkGNQY0PKhkqGdS4qGRQY6jkQo2hkkGN4bDWQ4e1Hjqs9dAPf6OSP6iSDyr5oJILNYZKBjWGSgY1LioZ1BgquVDjD1JjqGSo5IPDWg8d1nrosNZDAvEPquRCjaGSCzU+qOQhNYZKBjUequRCjaGSQY0\/6LDWQ4e1Hjqs9dD\/Afo73E+g1HjQAAAAAElFTkSuQmCC\" alt=\"qr_code\" width=\"87\" height=\"87\" \/><\/p><p><strong>Horaires :<\/strong><\/p><table><tbody><tr><td>dimanche<\/td><td>Ferm\u00e9<\/td><\/tr><tr><td>lundi<\/td><td>Ferm\u00e9<\/td><\/tr><tr><td>mardi<\/td><td>sur rendez-vous<\/td><\/tr><tr><td>mercredi<\/td><td>09:30\u201318:00<\/td><\/tr><tr><td>jeudi<\/td><td>09:30\u201317:00<\/td><\/tr><tr><td>vendredi<\/td><td>09:30\u201319:00<\/td><\/tr><tr><td>samedi<\/td><td>09:00\u201318:00<\/td><\/tr><\/tbody><\/table>\t\t\t\t\t\t\t\t<\/div>\n\t\t\t\t<\/div>\n\t\t\t\t\t<\/div>\n\t\t<\/div>\n\t\t\t\t\t<\/div>\n\t\t<\/section>\n\t\t\t\t<section class=\"elementor-section elementor-top-section elementor-element elementor-element-94a1294 elementor-section-full_width elementor-section-height-default elementor-section-height-default\" data-id=\"94a1294\" data-element_type=\"section\" data-e-type=\"section\" data-settings=\"{&quot;background_background&quot;:&quot;classic&quot;}\">\n\t\t\t\t\t\t<div class=\"elementor-container elementor-column-gap-no\">\n\t\t\t\t\t<div class=\"elementor-column elementor-col-100 elementor-top-column elementor-element elementor-element-a854abd\" data-id=\"a854abd\" data-element_type=\"column\" data-e-type=\"column\">\n\t\t\t<div class=\"elementor-widget-wrap elementor-element-populated\">\n\t\t\t\t\t\t<section class=\"elementor-section elementor-inner-section elementor-element elementor-element-25d14a3 elementor-section-boxed elementor-section-height-default elementor-section-height-default\" data-id=\"25d14a3\" data-element_type=\"section\" data-e-type=\"section\">\n\t\t\t\t\t\t<div class=\"elementor-container elementor-column-gap-no\">\n\t\t\t\t\t<div class=\"elementor-column elementor-col-100 elementor-inner-column elementor-element elementor-element-b9483e6\" data-id=\"b9483e6\" data-element_type=\"column\" data-e-type=\"column\">\n\t\t\t<div class=\"elementor-widget-wrap elementor-element-populated\">\n\t\t\t\t\t\t<div class=\"elementor-element elementor-element-9fa5bc0 elementor-widget elementor-widget-heading\" data-id=\"9fa5bc0\" data-element_type=\"widget\" data-e-type=\"widget\" data-widget_type=\"heading.default\">\n\t\t\t\t<div class=\"elementor-widget-container\">\n\t\t\t\t\t<h2 class=\"elementor-heading-title elementor-size-default\">Nous envoyer un e-mail<\/h2>\t\t\t\t<\/div>\n\t\t\t\t<\/div>\n\t\t\t\t\t<\/div>\n\t\t<\/div>\n\t\t\t\t\t<\/div>\n\t\t<\/section>\n\t\t\t\t<div class=\"elementor-element elementor-element-1ec4b67 elementor-button-align-center elementor-widget elementor-widget-form\" data-id=\"1ec4b67\" data-element_type=\"widget\" data-e-type=\"widget\" data-settings=\"{&quot;step_next_label&quot;:&quot;Next&quot;,&quot;step_previous_label&quot;:&quot;Previous&quot;,&quot;button_width&quot;:&quot;100&quot;,&quot;step_type&quot;:&quot;number_text&quot;,&quot;step_icon_shape&quot;:&quot;circle&quot;}\" data-widget_type=\"form.default\">\n\t\t\t\t<div class=\"elementor-widget-container\">\n\t\t\t\t\t\t\t<form class=\"elementor-form\" method=\"post\" name=\"Contact Form\" aria-label=\"Contact Form\">\n\t\t\t<input type=\"hidden\" name=\"post_id\" value=\"981\"\/>\n\t\t\t<input type=\"hidden\" name=\"form_id\" value=\"1ec4b67\"\/>\n\t\t\t<input type=\"hidden\" name=\"referer_title\" value=\"Contacter - So Nice 2.0\" \/>\n\n\t\t\t\t\t\t\t<input type=\"hidden\" name=\"queried_id\" value=\"981\"\/>\n\t\t\t\n\t\t\t<div class=\"elementor-form-fields-wrapper elementor-labels-\">\n\t\t\t\t\t\t\t\t<div class=\"elementor-field-type-text elementor-field-group elementor-column elementor-field-group-field_436f233 elementor-col-50\">\n\t\t\t\t\t\t\t\t\t\t\t\t<label for=\"form-field-field_436f233\" class=\"elementor-field-label elementor-screen-only\">\n\t\t\t\t\t\t\t\tFull Name*\t\t\t\t\t\t\t<\/label>\n\t\t\t\t\t\t\t\t\t\t\t\t\t\t<input size=\"1\" type=\"text\" name=\"form_fields[field_436f233]\" id=\"form-field-field_436f233\" class=\"elementor-field elementor-size-sm  elementor-field-textual\" placeholder=\"Nom et pr\u00e9nom \">\n\t\t\t\t\t\t\t\t\t\t\t<\/div>\n\t\t\t\t\t\t\t\t<div class=\"elementor-field-type-tel elementor-field-group elementor-column elementor-field-group-field_13f8176 elementor-col-50\">\n\t\t\t\t\t\t\t\t\t\t\t\t<label for=\"form-field-field_13f8176\" class=\"elementor-field-label elementor-screen-only\">\n\t\t\t\t\t\t\t\tPhone Number*\t\t\t\t\t\t\t<\/label>\n\t\t\t\t\t\t\t\t<input size=\"1\" type=\"tel\" name=\"form_fields[field_13f8176]\" id=\"form-field-field_13f8176\" class=\"elementor-field elementor-size-sm  elementor-field-textual\" placeholder=\"Num\u00e9ro de t\u00e9l\u00e9phone \" pattern=\"[0-9()#&amp;+*-=.]+\" title=\"Seuls les caract\u00e8res de num\u00e9ros de t\u00e9l\u00e9phone (#, -, *, etc.) sont accept\u00e9s.\">\n\n\t\t\t\t\t\t<\/div>\n\t\t\t\t\t\t\t\t<div class=\"elementor-field-type-email elementor-field-group elementor-column elementor-field-group-email elementor-col-50 elementor-field-required\">\n\t\t\t\t\t\t\t\t\t\t\t\t<label for=\"form-field-email\" class=\"elementor-field-label elementor-screen-only\">\n\t\t\t\t\t\t\t\tEmail Address*\t\t\t\t\t\t\t<\/label>\n\t\t\t\t\t\t\t\t\t\t\t\t\t\t<input size=\"1\" type=\"email\" name=\"form_fields[email]\" id=\"form-field-email\" class=\"elementor-field elementor-size-sm  elementor-field-textual\" placeholder=\"Adresse e-mail\" required=\"required\">\n\t\t\t\t\t\t\t\t\t\t\t<\/div>\n\t\t\t\t\t\t\t\t<div class=\"elementor-field-type-text elementor-field-group elementor-column elementor-field-group-field_e09e076 elementor-col-50 elementor-field-required\">\n\t\t\t\t\t\t\t\t\t\t\t\t<label for=\"form-field-field_e09e076\" class=\"elementor-field-label elementor-screen-only\">\n\t\t\t\t\t\t\t\tSubject*\t\t\t\t\t\t\t<\/label>\n\t\t\t\t\t\t\t\t\t\t\t\t\t\t<input size=\"1\" type=\"text\" name=\"form_fields[field_e09e076]\" id=\"form-field-field_e09e076\" class=\"elementor-field elementor-size-sm  elementor-field-textual\" placeholder=\"Sujet\" required=\"required\">\n\t\t\t\t\t\t\t\t\t\t\t<\/div>\n\t\t\t\t\t\t\t\t<div class=\"elementor-field-type-textarea elementor-field-group elementor-column elementor-field-group-field_8fc8fef elementor-col-100\">\n\t\t\t\t\t\t\t\t\t\t\t\t<label for=\"form-field-field_8fc8fef\" class=\"elementor-field-label elementor-screen-only\">\n\t\t\t\t\t\t\t\tMessage\t\t\t\t\t\t\t<\/label>\n\t\t\t\t\t\t<textarea class=\"elementor-field-textual elementor-field  elementor-size-sm\" name=\"form_fields[field_8fc8fef]\" id=\"form-field-field_8fc8fef\" rows=\"4\" placeholder=\"Message\"><\/textarea>\t\t\t\t<\/div>\n\t\t\t\t\t\t\t\t<div class=\"elementor-field-group elementor-column elementor-field-type-submit elementor-col-100 e-form__buttons\">\n\t\t\t\t\t<button class=\"elementor-button elementor-size-sm\" type=\"submit\">\n\t\t\t\t\t\t<span class=\"elementor-button-content-wrapper\">\n\t\t\t\t\t\t\t\t\t\t\t\t\t\t\t\t\t\t\t\t\t\t<span class=\"elementor-button-text\">Envoyer<\/span>\n\t\t\t\t\t\t\t\t\t\t\t\t\t<\/span>\n\t\t\t\t\t<\/button>\n\t\t\t\t<\/div>\n\t\t\t<\/div>\n\t\t<\/form>\n\t\t\t\t\t\t<\/div>\n\t\t\t\t<\/div>\n\t\t\t\t\t<\/div>\n\t\t<\/div>\n\t\t\t\t\t<\/div>\n\t\t<\/section>\n\t\t\t\t<section class=\"elementor-section elementor-top-section elementor-element elementor-element-7f4b3e9e elementor-section-full_width elementor-section-content-middle elementor-reverse-mobile elementor-section-height-default elementor-section-height-default\" data-id=\"7f4b3e9e\" data-element_type=\"section\" data-e-type=\"section\">\n\t\t\t\t\t\t<div class=\"elementor-container elementor-column-gap-no\">\n\t\t\t\t\t<div class=\"elementor-column elementor-col-33 elementor-top-column elementor-element elementor-element-2e2bf936\" data-id=\"2e2bf936\" data-element_type=\"column\" data-e-type=\"column\">\n\t\t\t<div class=\"elementor-widget-wrap elementor-element-populated\">\n\t\t\t\t\t\t<div class=\"elementor-element elementor-element-d6ca030 elementor-widget elementor-widget-google_maps\" data-id=\"d6ca030\" data-element_type=\"widget\" data-e-type=\"widget\" data-widget_type=\"google_maps.default\">\n\t\t\t\t<div class=\"elementor-widget-container\">\n\t\t\t\t\t\t\t<div class=\"elementor-custom-embed\">\n\t\t\t<iframe loading=\"lazy\"\n\t\t\t\t\tsrc=\"https:\/\/maps.google.com\/maps?q=Grand%27Rue%2057%2C%205030%20Gembloux&#038;t=m&#038;z=10&#038;output=embed&#038;iwloc=near\"\n\t\t\t\t\ttitle=\"Grand&#039;Rue 57, 5030 Gembloux\"\n\t\t\t\t\taria-label=\"Grand&#039;Rue 57, 5030 Gembloux\"\n\t\t\t><\/iframe>\n\t\t<\/div>\n\t\t\t\t\t\t<\/div>\n\t\t\t\t<\/div>\n\t\t\t\t\t<\/div>\n\t\t<\/div>\n\t\t\t\t<div class=\"elementor-column elementor-col-66 elementor-top-column elementor-element elementor-element-62b06da8\" data-id=\"62b06da8\" data-element_type=\"column\" data-e-type=\"column\" data-settings=\"{&quot;background_background&quot;:&quot;classic&quot;}\">\n\t\t\t<div class=\"elementor-widget-wrap elementor-element-populated\">\n\t\t\t\t\t\t<div class=\"elementor-element elementor-element-6fa5274d elementor-widget elementor-widget-heading\" data-id=\"6fa5274d\" data-element_type=\"widget\" data-e-type=\"widget\" data-widget_type=\"heading.default\">\n\t\t\t\t<div class=\"elementor-widget-container\">\n\t\t\t\t\t<h6 class=\"elementor-heading-title elementor-size-default\">Institut So nice 2.0<\/h6>\t\t\t\t<\/div>\n\t\t\t\t<\/div>\n\t\t\t\t<div class=\"elementor-element elementor-element-5e79d46b elementor-widget elementor-widget-heading\" data-id=\"5e79d46b\" data-element_type=\"widget\" data-e-type=\"widget\" data-widget_type=\"heading.default\">\n\t\t\t\t<div class=\"elementor-widget-container\">\n\t\t\t\t\t<h3 class=\"elementor-heading-title elementor-size-default\">O\u00f9 pouvez-vous nous trouver ?<\/h3>\t\t\t\t<\/div>\n\t\t\t\t<\/div>\n\t\t\t\t\t<\/div>\n\t\t<\/div>\n\t\t\t\t\t<\/div>\n\t\t<\/section>\n\t\t\t\t<\/div>\n\t\t","protected":false},"excerpt":{"rendered":"<p>Nous contacter Num\u00e9ro :0474 45 58 27 Adresse :Grand&rsquo;Rue 57, 5030 Gembloux Mail : info@institutsonice.be Lien pour prendre rendez-vous sur notre plateforme Salonkee :\u00a0 https:\/\/salonkee.be\/salon\/so-nice-20?lang=fr \u00a0 Horaires : dimanche Ferm\u00e9 lundi Ferm\u00e9 mardi sur rendez-vous mercredi 09:30\u201318:00 jeudi 09:30\u201317:00 vendredi 09:30\u201319:00 samedi 09:00\u201318:00 Nous envoyer un e-mail Institut So nice 2.0 O\u00f9 pouvez-vous nous trouver [&hellip;]<\/p>\n","protected":false},"author":1,"featured_media":2266,"parent":0,"menu_order":0,"comment_status":"closed","ping_status":"closed","template":"elementor_header_footer","meta":{"footnotes":""},"class_list":["post-981","page","type-page","status-publish","has-post-thumbnail","hentry"],"yoast_head":"<!-- This site is optimized with the Yoast SEO plugin v27.5 - https:\/\/yoast.com\/product\/yoast-seo-wordpress\/ -->\n<title>Contacter - So Nice 2.0<\/title>\n<meta name=\"robots\" content=\"index, follow, max-snippet:-1, max-image-preview:large, max-video-preview:-1\" \/>\n<link rel=\"canonical\" href=\"https:\/\/www.institutsonice.be\/?page_id=981\" \/>\n<meta property=\"og:locale\" content=\"fr_FR\" \/>\n<meta property=\"og:type\" content=\"article\" \/>\n<meta property=\"og:title\" content=\"Contacter - So Nice 2.0\" \/>\n<meta property=\"og:description\" content=\"Nous contacter Num\u00e9ro :0474 45 58 27 Adresse :Grand&rsquo;Rue 57, 5030 Gembloux Mail : info@institutsonice.be Lien pour prendre rendez-vous sur notre plateforme Salonkee :\u00a0 https:\/\/salonkee.be\/salon\/so-nice-20?lang=fr \u00a0 Horaires : dimanche Ferm\u00e9 lundi Ferm\u00e9 mardi sur rendez-vous mercredi 09:30\u201318:00 jeudi 09:30\u201317:00 vendredi 09:30\u201319:00 samedi 09:00\u201318:00 Nous envoyer un e-mail Institut So nice 2.0 O\u00f9 pouvez-vous nous trouver [&hellip;]\" \/>\n<meta property=\"og:url\" content=\"https:\/\/www.institutsonice.be\/?page_id=981\" \/>\n<meta property=\"og:site_name\" content=\"So Nice 2.0\" \/>\n<meta property=\"article:publisher\" content=\"https:\/\/www.facebook.com\/sonicesgembloux\/\" \/>\n<meta property=\"article:modified_time\" content=\"2026-01-05T21:56:26+00:00\" \/>\n<meta property=\"og:image\" content=\"https:\/\/www.institutsonice.be\/wp-content\/uploads\/2021\/02\/logo-02-Copy.png\" \/>\n\t<meta property=\"og:image:width\" content=\"1216\" \/>\n\t<meta property=\"og:image:height\" content=\"520\" \/>\n\t<meta property=\"og:image:type\" content=\"image\/png\" \/>\n<meta name=\"twitter:card\" content=\"summary_large_image\" \/>\n<meta name=\"twitter:label1\" content=\"Dur\u00e9e de lecture estim\u00e9e\" \/>\n\t<meta name=\"twitter:data1\" content=\"1 minute\" \/>\n<script type=\"application\/ld+json\" class=\"yoast-schema-graph\">{\"@context\":\"https:\\\/\\\/schema.org\",\"@graph\":[{\"@type\":\"WebPage\",\"@id\":\"https:\\\/\\\/www.institutsonice.be\\\/?page_id=981\",\"url\":\"https:\\\/\\\/www.institutsonice.be\\\/?page_id=981\",\"name\":\"Contacter - So Nice 2.0\",\"isPartOf\":{\"@id\":\"https:\\\/\\\/www.institutsonice.be\\\/#website\"},\"primaryImageOfPage\":{\"@id\":\"https:\\\/\\\/www.institutsonice.be\\\/?page_id=981#primaryimage\"},\"image\":{\"@id\":\"https:\\\/\\\/www.institutsonice.be\\\/?page_id=981#primaryimage\"},\"thumbnailUrl\":\"https:\\\/\\\/www.institutsonice.be\\\/wp-content\\\/uploads\\\/2021\\\/02\\\/logo-02-Copy.png\",\"datePublished\":\"2021-02-21T12:56:21+00:00\",\"dateModified\":\"2026-01-05T21:56:26+00:00\",\"breadcrumb\":{\"@id\":\"https:\\\/\\\/www.institutsonice.be\\\/?page_id=981#breadcrumb\"},\"inLanguage\":\"fr-FR\",\"potentialAction\":[{\"@type\":\"ReadAction\",\"target\":[\"https:\\\/\\\/www.institutsonice.be\\\/?page_id=981\"]}]},{\"@type\":\"ImageObject\",\"inLanguage\":\"fr-FR\",\"@id\":\"https:\\\/\\\/www.institutsonice.be\\\/?page_id=981#primaryimage\",\"url\":\"https:\\\/\\\/www.institutsonice.be\\\/wp-content\\\/uploads\\\/2021\\\/02\\\/logo-02-Copy.png\",\"contentUrl\":\"https:\\\/\\\/www.institutsonice.be\\\/wp-content\\\/uploads\\\/2021\\\/02\\\/logo-02-Copy.png\",\"width\":1216,\"height\":520},{\"@type\":\"BreadcrumbList\",\"@id\":\"https:\\\/\\\/www.institutsonice.be\\\/?page_id=981#breadcrumb\",\"itemListElement\":[{\"@type\":\"ListItem\",\"position\":1,\"name\":\"Accueil\",\"item\":\"https:\\\/\\\/www.institutsonice.be\\\/\"},{\"@type\":\"ListItem\",\"position\":2,\"name\":\"Contacter\"}]},{\"@type\":\"WebSite\",\"@id\":\"https:\\\/\\\/www.institutsonice.be\\\/#website\",\"url\":\"https:\\\/\\\/www.institutsonice.be\\\/\",\"name\":\"So Nice 2.0\",\"description\":\"Source de bonheur\",\"publisher\":{\"@id\":\"https:\\\/\\\/www.institutsonice.be\\\/#organization\"},\"potentialAction\":[{\"@type\":\"SearchAction\",\"target\":{\"@type\":\"EntryPoint\",\"urlTemplate\":\"https:\\\/\\\/www.institutsonice.be\\\/?s={search_term_string}\"},\"query-input\":{\"@type\":\"PropertyValueSpecification\",\"valueRequired\":true,\"valueName\":\"search_term_string\"}}],\"inLanguage\":\"fr-FR\"},{\"@type\":\"Organization\",\"@id\":\"https:\\\/\\\/www.institutsonice.be\\\/#organization\",\"name\":\"So Nice 2.0\",\"url\":\"https:\\\/\\\/www.institutsonice.be\\\/\",\"logo\":{\"@type\":\"ImageObject\",\"inLanguage\":\"fr-FR\",\"@id\":\"https:\\\/\\\/www.institutsonice.be\\\/#\\\/schema\\\/logo\\\/image\\\/\",\"url\":\"\",\"contentUrl\":\"\",\"caption\":\"So Nice 2.0\"},\"image\":{\"@id\":\"https:\\\/\\\/www.institutsonice.be\\\/#\\\/schema\\\/logo\\\/image\\\/\"},\"sameAs\":[\"https:\\\/\\\/www.facebook.com\\\/sonicesgembloux\\\/\",\"https:\\\/\\\/www.instagram.com\\\/sonice2.0\\\/?hl=fr\",\"https:\\\/\\\/www.youtube.com\\\/channel\\\/UCUgNRAyMB19aZUBmjY61-eQ\"]}]}<\/script>\n<!-- \/ Yoast SEO plugin. -->","yoast_head_json":{"title":"Contacter - So Nice 2.0","robots":{"index":"index","follow":"follow","max-snippet":"max-snippet:-1","max-image-preview":"max-image-preview:large","max-video-preview":"max-video-preview:-1"},"canonical":"https:\/\/www.institutsonice.be\/?page_id=981","og_locale":"fr_FR","og_type":"article","og_title":"Contacter - So Nice 2.0","og_description":"Nous contacter Num\u00e9ro :0474 45 58 27 Adresse :Grand&rsquo;Rue 57, 5030 Gembloux Mail : info@institutsonice.be Lien pour prendre rendez-vous sur notre plateforme Salonkee :\u00a0 https:\/\/salonkee.be\/salon\/so-nice-20?lang=fr \u00a0 Horaires : dimanche Ferm\u00e9 lundi Ferm\u00e9 mardi sur rendez-vous mercredi 09:30\u201318:00 jeudi 09:30\u201317:00 vendredi 09:30\u201319:00 samedi 09:00\u201318:00 Nous envoyer un e-mail Institut So nice 2.0 O\u00f9 pouvez-vous nous trouver [&hellip;]","og_url":"https:\/\/www.institutsonice.be\/?page_id=981","og_site_name":"So Nice 2.0","article_publisher":"https:\/\/www.facebook.com\/sonicesgembloux\/","article_modified_time":"2026-01-05T21:56:26+00:00","og_image":[{"width":1216,"height":520,"url":"https:\/\/www.institutsonice.be\/wp-content\/uploads\/2021\/02\/logo-02-Copy.png","type":"image\/png"}],"twitter_card":"summary_large_image","twitter_misc":{"Dur\u00e9e de lecture estim\u00e9e":"1 minute"},"schema":{"@context":"https:\/\/schema.org","@graph":[{"@type":"WebPage","@id":"https:\/\/www.institutsonice.be\/?page_id=981","url":"https:\/\/www.institutsonice.be\/?page_id=981","name":"Contacter - So Nice 2.0","isPartOf":{"@id":"https:\/\/www.institutsonice.be\/#website"},"primaryImageOfPage":{"@id":"https:\/\/www.institutsonice.be\/?page_id=981#primaryimage"},"image":{"@id":"https:\/\/www.institutsonice.be\/?page_id=981#primaryimage"},"thumbnailUrl":"https:\/\/www.institutsonice.be\/wp-content\/uploads\/2021\/02\/logo-02-Copy.png","datePublished":"2021-02-21T12:56:21+00:00","dateModified":"2026-01-05T21:56:26+00:00","breadcrumb":{"@id":"https:\/\/www.institutsonice.be\/?page_id=981#breadcrumb"},"inLanguage":"fr-FR","potentialAction":[{"@type":"ReadAction","target":["https:\/\/www.institutsonice.be\/?page_id=981"]}]},{"@type":"ImageObject","inLanguage":"fr-FR","@id":"https:\/\/www.institutsonice.be\/?page_id=981#primaryimage","url":"https:\/\/www.institutsonice.be\/wp-content\/uploads\/2021\/02\/logo-02-Copy.png","contentUrl":"https:\/\/www.institutsonice.be\/wp-content\/uploads\/2021\/02\/logo-02-Copy.png","width":1216,"height":520},{"@type":"BreadcrumbList","@id":"https:\/\/www.institutsonice.be\/?page_id=981#breadcrumb","itemListElement":[{"@type":"ListItem","position":1,"name":"Accueil","item":"https:\/\/www.institutsonice.be\/"},{"@type":"ListItem","position":2,"name":"Contacter"}]},{"@type":"WebSite","@id":"https:\/\/www.institutsonice.be\/#website","url":"https:\/\/www.institutsonice.be\/","name":"So Nice 2.0","description":"Source de bonheur","publisher":{"@id":"https:\/\/www.institutsonice.be\/#organization"},"potentialAction":[{"@type":"SearchAction","target":{"@type":"EntryPoint","urlTemplate":"https:\/\/www.institutsonice.be\/?s={search_term_string}"},"query-input":{"@type":"PropertyValueSpecification","valueRequired":true,"valueName":"search_term_string"}}],"inLanguage":"fr-FR"},{"@type":"Organization","@id":"https:\/\/www.institutsonice.be\/#organization","name":"So Nice 2.0","url":"https:\/\/www.institutsonice.be\/","logo":{"@type":"ImageObject","inLanguage":"fr-FR","@id":"https:\/\/www.institutsonice.be\/#\/schema\/logo\/image\/","url":"","contentUrl":"","caption":"So Nice 2.0"},"image":{"@id":"https:\/\/www.institutsonice.be\/#\/schema\/logo\/image\/"},"sameAs":["https:\/\/www.facebook.com\/sonicesgembloux\/","https:\/\/www.instagram.com\/sonice2.0\/?hl=fr","https:\/\/www.youtube.com\/channel\/UCUgNRAyMB19aZUBmjY61-eQ"]}]}},"_links":{"self":[{"href":"https:\/\/www.institutsonice.be\/index.php?rest_route=\/wp\/v2\/pages\/981","targetHints":{"allow":["GET"]}}],"collection":[{"href":"https:\/\/www.institutsonice.be\/index.php?rest_route=\/wp\/v2\/pages"}],"about":[{"href":"https:\/\/www.institutsonice.be\/index.php?rest_route=\/wp\/v2\/types\/page"}],"author":[{"embeddable":true,"href":"https:\/\/www.institutsonice.be\/index.php?rest_route=\/wp\/v2\/users\/1"}],"replies":[{"embeddable":true,"href":"https:\/\/www.institutsonice.be\/index.php?rest_route=%2Fwp%2Fv2%2Fcomments&post=981"}],"version-history":[{"count":0,"href":"https:\/\/www.institutsonice.be\/index.php?rest_route=\/wp\/v2\/pages\/981\/revisions"}],"wp:featuredmedia":[{"embeddable":true,"href":"https:\/\/www.institutsonice.be\/index.php?rest_route=\/wp\/v2\/media\/2266"}],"wp:attachment":[{"href":"https:\/\/www.institutsonice.be\/index.php?rest_route=%2Fwp%2Fv2%2Fmedia&parent=981"}],"curies":[{"name":"wp","href":"https:\/\/api.w.org\/{rel}","templated":true}]}}